{"id":59,"date":"2025-05-10T07:59:30","date_gmt":"2025-05-10T07:59:30","guid":{"rendered":"https:\/\/estourgie.fr\/faq"},"modified":"2026-04-26T19:15:22","modified_gmt":"2026-04-26T19:15:22","slug":"faq","status":"publish","type":"page","link":"http:\/\/estourgie.fr\/en\/faq","title":{"rendered":"FAQ"},"content":{"rendered":"<style>.kb-row-layout-id59_a05afc-1a > .kt-row-column-wrap{align-content:center;}:where(.kb-row-layout-id59_a05afc-1a > .kt-row-column-wrap) > .wp-block-kadence-column{justify-content:center;}.kb-row-layout-id59_a05afc-1a > .kt-row-column-wrap{column-gap:var(--global-kb-gap-lg, 4rem);row-gap:var(--global-kb-gap-md, 2rem);max-width:var( --global-content-width, 1290px );padding-left:var(--global-content-edge-padding);padding-right:var(--global-content-edge-padding);padding-top:var(--global-kb-spacing-5xl, 10rem);padding-bottom:var(--global-kb-spacing-4xl, 8rem);grid-template-columns:minmax(0, 1fr);}.kb-row-layout-id59_a05afc-1a > .kt-row-layout-overlay{opacity:0.30;background-image:url('http:\/\/estourgie.fr\/wp-content\/uploads\/2025\/05\/a-focused-view-of-a-hand-drawing.jpeg');background-size:cover;background-position:center center;background-attachment:scroll;background-repeat:no-repeat;}.kb-row-layout-id59_a05afc-1a .kt-row-layout-bottom-sep{height:100px;}.kb-row-layout-id59_a05afc-1a .kt-row-layout-bottom-sep svg{width:100%;}.kb-row-layout-id59_a05afc-1a .kt-row-layout-bottom-sep svg{fill:#ffffff!important;}@media all and (max-width: 1024px){.kb-row-layout-id59_a05afc-1a > .kt-row-column-wrap{grid-template-columns:minmax(0, 1fr);}}@media all and (max-width: 1024px){.kb-row-layout-id59_a05afc-1a .kt-row-layout-bottom-sep{height:80px;}}@media all and (max-width: 1024px){.kb-row-layout-id59_a05afc-1a .kt-row-layout-bottom-sep svg{width:%;}}@media all and (max-width: 767px){.kb-row-layout-id59_a05afc-1a > .kt-row-column-wrap{padding-top:var(--global-kb-spacing-3xl, 6.5rem);padding-bottom:var(--global-kb-spacing-3xl, 6.5rem);grid-template-columns:minmax(0, 1fr);}.kb-row-layout-id59_a05afc-1a .kt-row-layout-bottom-sep{height:60px;}.kb-row-layout-id59_a05afc-1a .kt-row-layout-bottom-sep svg{width:%;}}<\/style><div class=\"kb-row-layout-wrap kb-row-layout-id59_a05afc-1a alignfull has-theme-palette8-background-color kt-row-has-bg wp-block-kadence-rowlayout\"><div class=\"kt-row-layout-overlay kt-row-overlay-normal\"><\/div><div class=\"kt-row-column-wrap kt-has-1-columns kt-row-layout-equal kt-tab-layout-inherit kt-mobile-layout-row kt-row-valign-middle kb-theme-content-width\">\n<style>.kadence-column59_7b0eea-90 > .kt-inside-inner-col,.kadence-column59_7b0eea-90 > .kt-inside-inner-col:before{border-top-left-radius:0px;border-top-right-radius:0px;border-bottom-right-radius:0px;border-bottom-left-radius:0px;}.kadence-column59_7b0eea-90 > .kt-inside-inner-col{column-gap:var(--global-kb-gap-sm, 1rem);}.kadence-column59_7b0eea-90 > .kt-inside-inner-col{flex-direction:column;}.kadence-column59_7b0eea-90 > .kt-inside-inner-col > .aligncenter{width:100%;}.kadence-column59_7b0eea-90 > .kt-inside-inner-col:before{opacity:0.3;}.kadence-column59_7b0eea-90{position:relative;}@media all and (max-width: 1024px){.kadence-column59_7b0eea-90 > .kt-inside-inner-col{flex-direction:column;justify-content:center;}}@media all and (max-width: 767px){.kadence-column59_7b0eea-90 > .kt-inside-inner-col{flex-direction:column;justify-content:center;}}<\/style>\n<div class=\"wp-block-kadence-column kadence-column59_7b0eea-90 inner-column-1\"><div class=\"kt-inside-inner-col\"><style>.wp-block-kadence-advancedheading.kt-adv-heading59_52871e-03, .wp-block-kadence-advancedheading.kt-adv-heading59_52871e-03[data-kb-block=\"kb-adv-heading59_52871e-03\"]{margin-top:0px;margin-bottom:var(--global-kb-spacing-sm, 1.5rem);text-align:center;font-size:var(--global-kb-font-size-lg, 2rem);line-height:1;font-style:normal;}.wp-block-kadence-advancedheading.kt-adv-heading59_52871e-03 mark.kt-highlight, .wp-block-kadence-advancedheading.kt-adv-heading59_52871e-03[data-kb-block=\"kb-adv-heading59_52871e-03\"] mark.kt-highlight{font-style:normal;color:#f76a0c;-webkit-box-decoration-break:clone;box-decoration-break:clone;padding-top:0px;padding-right:0px;padding-bottom:0px;padding-left:0px;}.wp-block-kadence-advancedheading.kt-adv-heading59_52871e-03 img.kb-inline-image, .wp-block-kadence-advancedheading.kt-adv-heading59_52871e-03[data-kb-block=\"kb-adv-heading59_52871e-03\"] img.kb-inline-image{width:150px;vertical-align:baseline;}@media all and (max-width: 1024px){.wp-block-kadence-advancedheading.kt-adv-heading59_52871e-03, .wp-block-kadence-advancedheading.kt-adv-heading59_52871e-03[data-kb-block=\"kb-adv-heading59_52871e-03\"]{font-size:80px;}}@media all and (max-width: 767px){.wp-block-kadence-advancedheading.kt-adv-heading59_52871e-03, .wp-block-kadence-advancedheading.kt-adv-heading59_52871e-03[data-kb-block=\"kb-adv-heading59_52871e-03\"]{font-size:40px;line-height:1.2;}}<\/style>\n<h2 class=\"kt-adv-heading59_52871e-03 wp-block-kadence-advancedheading has-theme-palette-3-color has-text-color\" data-kb-block=\"kb-adv-heading59_52871e-03\">Le C\u0153ur d&rsquo;Estourgie<\/h2>\n\n\n<style>.wp-block-kadence-advancedheading.kt-adv-heading59_8b95ab-ee, .wp-block-kadence-advancedheading.kt-adv-heading59_8b95ab-ee[data-kb-block=\"kb-adv-heading59_8b95ab-ee\"]{max-width:550px;margin-right:auto;margin-left:auto;margin-bottom:var(--global-kb-spacing-sm, 1.5rem);text-align:center;font-style:normal;}.wp-block-kadence-advancedheading.kt-adv-heading59_8b95ab-ee mark.kt-highlight, .wp-block-kadence-advancedheading.kt-adv-heading59_8b95ab-ee[data-kb-block=\"kb-adv-heading59_8b95ab-ee\"] mark.kt-highlight{font-style:normal;color:#f76a0c;-webkit-box-decoration-break:clone;box-decoration-break:clone;padding-top:0px;padding-right:0px;padding-bottom:0px;padding-left:0px;}.wp-block-kadence-advancedheading.kt-adv-heading59_8b95ab-ee img.kb-inline-image, .wp-block-kadence-advancedheading.kt-adv-heading59_8b95ab-ee[data-kb-block=\"kb-adv-heading59_8b95ab-ee\"] img.kb-inline-image{width:150px;vertical-align:baseline;}<\/style>\n<p class=\"kt-adv-heading59_8b95ab-ee wp-block-kadence-advancedheading\" data-kb-block=\"kb-adv-heading59_8b95ab-ee\">Votre g\u00eete en photos<a href=\"https:\/\/startertemplatecloud.com\/e28\/#\"><\/a><\/p>\n<\/div><\/div>\n\n<\/div><\/div>\n\n<style>.kb-row-layout-id59_d18ca7-84 > .kt-row-column-wrap{align-content:start;}:where(.kb-row-layout-id59_d18ca7-84 > .kt-row-column-wrap) > .wp-block-kadence-column{justify-content:start;}.kb-row-layout-id59_d18ca7-84 > .kt-row-column-wrap{column-gap:var(--global-kb-gap-lg, 4rem);row-gap:var(--global-kb-gap-md, 2rem);max-width:var( --global-content-width, 1290px );padding-left:var(--global-content-edge-padding);padding-right:var(--global-content-edge-padding);padding-top:var(--global-kb-spacing-xl, 4rem);padding-bottom:var(--global-kb-spacing-xl, 4rem);grid-template-columns:minmax(0, calc(20% - ((var(--global-kb-gap-lg, 4rem) * 1 )\/2)))minmax(0, calc(80% - ((var(--global-kb-gap-lg, 4rem) * 1 )\/2)));}.kb-row-layout-id59_d18ca7-84 > .kt-row-layout-overlay{opacity:0.30;}@media all and (max-width: 1024px){.kb-row-layout-id59_d18ca7-84 > .kt-row-column-wrap{grid-template-columns:minmax(0, 1fr) minmax(0, 2fr);}}@media all and (max-width: 767px){.kb-row-layout-id59_d18ca7-84 > .kt-row-column-wrap{grid-template-columns:minmax(0, 1fr);}}<\/style><div class=\"kb-row-layout-wrap kb-row-layout-id59_d18ca7-84 alignfull has-theme-palette9-background-color kt-row-has-bg wp-block-kadence-rowlayout\"><div class=\"kt-row-column-wrap kt-has-2-columns kt-row-layout-right-golden kt-tab-layout-inherit kt-mobile-layout-row kt-row-valign-top kb-theme-content-width\">\n<style>.kadence-column59_c2bc32-ff > .kt-inside-inner-col,.kadence-column59_c2bc32-ff > .kt-inside-inner-col:before{border-top-left-radius:0px;border-top-right-radius:0px;border-bottom-right-radius:0px;border-bottom-left-radius:0px;}.kadence-column59_c2bc32-ff > .kt-inside-inner-col{column-gap:var(--global-kb-gap-sm, 1rem);}.kadence-column59_c2bc32-ff > .kt-inside-inner-col{flex-direction:column;}.kadence-column59_c2bc32-ff > .kt-inside-inner-col > .aligncenter{width:100%;}.kadence-column59_c2bc32-ff > .kt-inside-inner-col:before{opacity:0.3;}.kadence-column59_c2bc32-ff{position:relative;}@media all and (max-width: 1024px){.kadence-column59_c2bc32-ff > .kt-inside-inner-col{flex-direction:column;justify-content:center;}}@media all and (max-width: 767px){.kadence-column59_c2bc32-ff > .kt-inside-inner-col{flex-direction:column;justify-content:center;}}<\/style>\n<div class=\"wp-block-kadence-column kadence-column59_c2bc32-ff\"><div class=\"kt-inside-inner-col\"><style>.wp-block-kadence-advancedheading.kt-adv-heading59_1a145e-04, .wp-block-kadence-advancedheading.kt-adv-heading59_1a145e-04[data-kb-block=\"kb-adv-heading59_1a145e-04\"]{display:block;text-align:left;font-size:var(--global-kb-font-size-sm, 0.9rem);line-height:1;font-style:normal;text-transform:uppercase;letter-spacing:2px;}.wp-block-kadence-advancedheading.kt-adv-heading59_1a145e-04 mark.kt-highlight, .wp-block-kadence-advancedheading.kt-adv-heading59_1a145e-04[data-kb-block=\"kb-adv-heading59_1a145e-04\"] mark.kt-highlight{font-style:normal;color:#f76a0c;-webkit-box-decoration-break:clone;box-decoration-break:clone;padding-top:0px;padding-right:0px;padding-bottom:0px;padding-left:0px;}.wp-block-kadence-advancedheading.kt-adv-heading59_1a145e-04 img.kb-inline-image, .wp-block-kadence-advancedheading.kt-adv-heading59_1a145e-04[data-kb-block=\"kb-adv-heading59_1a145e-04\"] img.kb-inline-image{width:150px;vertical-align:baseline;}<\/style>\n<span class=\"kt-adv-heading59_1a145e-04 wp-block-kadence-advancedheading has-theme-palette-1-color has-text-color\" data-kb-block=\"kb-adv-heading59_1a145e-04\">Info importante !<\/span>\n\n\n<style>.wp-block-kadence-advancedheading.kt-adv-heading59_f17db5-81, .wp-block-kadence-advancedheading.kt-adv-heading59_f17db5-81[data-kb-block=\"kb-adv-heading59_f17db5-81\"]{margin-top:var(--global-kb-spacing-xs, 1rem);margin-bottom:var(--global-kb-spacing-sm, 1.5rem);text-align:left;font-size:36px;line-height:1.1;font-style:normal;}.wp-block-kadence-advancedheading.kt-adv-heading59_f17db5-81 mark.kt-highlight, .wp-block-kadence-advancedheading.kt-adv-heading59_f17db5-81[data-kb-block=\"kb-adv-heading59_f17db5-81\"] mark.kt-highlight{font-style:normal;color:#f76a0c;-webkit-box-decoration-break:clone;box-decoration-break:clone;padding-top:0px;padding-right:0px;padding-bottom:0px;padding-left:0px;}.wp-block-kadence-advancedheading.kt-adv-heading59_f17db5-81 img.kb-inline-image, .wp-block-kadence-advancedheading.kt-adv-heading59_f17db5-81[data-kb-block=\"kb-adv-heading59_f17db5-81\"] img.kb-inline-image{width:150px;vertical-align:baseline;}<\/style>\n<h2 class=\"kt-adv-heading59_f17db5-81 wp-block-kadence-advancedheading has-theme-palette-3-color has-text-color\" data-kb-block=\"kb-adv-heading59_f17db5-81\">Tarifs G\u00eete <em>Le C\u0153ur d\u2019Estourgie<\/em><\/h2>\n<\/div><\/div>\n\n\n<style>.kadence-column59_6aff79-71 > .kt-inside-inner-col{display:flex;}.kadence-column59_6aff79-71 > .kt-inside-inner-col{padding-left:var(--global-kb-spacing-md, 2rem);}.kadence-column59_6aff79-71 > .kt-inside-inner-col{border-left:3px solid var(--global-palette1, #3182CE);}.kadence-column59_6aff79-71 > .kt-inside-inner-col,.kadence-column59_6aff79-71 > .kt-inside-inner-col:before{border-top-left-radius:0px;border-top-right-radius:0px;border-bottom-right-radius:0px;border-bottom-left-radius:0px;}.kadence-column59_6aff79-71 > .kt-inside-inner-col{column-gap:var(--global-kb-gap-sm, 1rem);}.kadence-column59_6aff79-71 > .kt-inside-inner-col{flex-direction:column;justify-content:center;}.kadence-column59_6aff79-71 > .kt-inside-inner-col > .aligncenter{width:100%;}.kt-row-column-wrap > .kadence-column59_6aff79-71{align-self:center;}.kt-inner-column-height-full:not(.kt-has-1-columns) > .wp-block-kadence-column.kadence-column59_6aff79-71{align-self:auto;}.kt-inner-column-height-full:not(.kt-has-1-columns) > .wp-block-kadence-column.kadence-column59_6aff79-71 > .kt-inside-inner-col{flex-direction:column;justify-content:center;}.kadence-column59_6aff79-71 > .kt-inside-inner-col:before{opacity:0.3;}.kadence-column59_6aff79-71{position:relative;}@media all and (max-width: 1024px){.kadence-column59_6aff79-71 > .kt-inside-inner-col{border-left:3px solid var(--global-palette1, #3182CE);flex-direction:column;justify-content:center;}}@media all and (max-width: 1024px){.kt-row-column-wrap > .kadence-column59_6aff79-71{align-self:center;}}@media all and (max-width: 1024px){.kt-inner-column-height-full:not(.kt-has-1-columns) > .wp-block-kadence-column.kadence-column59_6aff79-71{align-self:auto;}}@media all and (max-width: 1024px){.kt-inner-column-height-full:not(.kt-has-1-columns) > .wp-block-kadence-column.kadence-column59_6aff79-71 > .kt-inside-inner-col{flex-direction:column;justify-content:center;}}@media all and (max-width: 767px){.kadence-column59_6aff79-71 > .kt-inside-inner-col{border-left:3px solid var(--global-palette1, #3182CE);flex-direction:column;justify-content:center;}.kt-row-column-wrap > .kadence-column59_6aff79-71{align-self:center;}.kt-inner-column-height-full:not(.kt-has-1-columns) > .wp-block-kadence-column.kadence-column59_6aff79-71{align-self:auto;}.kt-inner-column-height-full:not(.kt-has-1-columns) > .wp-block-kadence-column.kadence-column59_6aff79-71 > .kt-inside-inner-col{flex-direction:column;justify-content:center;}}<\/style>\n<div class=\"wp-block-kadence-column kadence-column59_6aff79-71\"><div class=\"kt-inside-inner-col\"><style>.wp-block-kadence-advancedheading.kt-adv-heading59_30171f-22, .wp-block-kadence-advancedheading.kt-adv-heading59_30171f-22[data-kb-block=\"kb-adv-heading59_30171f-22\"]{padding-top:var(--global-kb-spacing-xs, 1rem);padding-bottom:var(--global-kb-spacing-xs, 1rem);font-style:normal;}.wp-block-kadence-advancedheading.kt-adv-heading59_30171f-22 mark.kt-highlight, .wp-block-kadence-advancedheading.kt-adv-heading59_30171f-22[data-kb-block=\"kb-adv-heading59_30171f-22\"] mark.kt-highlight{font-style:normal;color:#f76a0c;-webkit-box-decoration-break:clone;box-decoration-break:clone;padding-top:0px;padding-right:0px;padding-bottom:0px;padding-left:0px;}.wp-block-kadence-advancedheading.kt-adv-heading59_30171f-22 img.kb-inline-image, .wp-block-kadence-advancedheading.kt-adv-heading59_30171f-22[data-kb-block=\"kb-adv-heading59_30171f-22\"] img.kb-inline-image{width:150px;vertical-align:baseline;}<\/style>\n<p class=\"kt-adv-heading59_30171f-22 wp-block-kadence-advancedheading\" data-kb-block=\"kb-adv-heading59_30171f-22\">Vous louez toujours le\u00a0<strong>g\u00eete enti\u00e8re<\/strong>.<br><br><strong>Prix standard<\/strong>\u00a0: 360 \u20ac par nuit<br><strong>Frais de m\u00e9nage<\/strong>\u00a0: 100 \u20ac par s\u00e9jour (forfait unique)<br><strong>P\u00e9riode hivernale<\/strong>\u00a0(du 1er octobre au 30 avril) : suppl\u00e9ment de chauffage de 25 \u20ac par nuit<br>H<strong>aute saison<\/strong>\u00a0: s\u00e9jour minimum de 5 nuits<br><strong>En dehors de la haute saison<\/strong>\u00a0: s\u00e9jour minimum 4 nuits pendant les vacances scolaires<br><strong>Hors vacances scolaires<\/strong>\u00a0: s\u00e9jour minimum de 2 nuits<br><br>Le montant total comprend :<br>le\u00a0<strong>linge de maison<\/strong>\u00a0(draps et serviettes)<br>les\u00a0<strong>frais d\u2019eau et d\u2019\u00e9lectricit\u00e9<\/strong><\/p>\n<\/div><\/div>\n\n<\/div><\/div>","protected":false},"excerpt":{"rendered":"<p>Le C\u0153ur d&rsquo;Estourgie Votre g\u00eete en photos Info importante ! Tarifs G\u00eete Le C\u0153ur d\u2019Estourgie Vous louez toujours le\u00a0g\u00eete enti\u00e8re. Prix standard\u00a0: 360 \u20ac par nuitFrais de m\u00e9nage\u00a0: 100 \u20ac par s\u00e9jour (forfait unique)P\u00e9riode hivernale\u00a0(du 1er octobre au 30 avril) : suppl\u00e9ment de chauffage de 25 \u20ac par nuitHaute saison\u00a0: s\u00e9jour minimum de 5 nuitsEn&#8230;<\/p>","protected":false},"author":1,"featured_media":0,"parent":0,"menu_order":0,"comment_status":"closed","ping_status":"closed","template":"","meta":{"_kadence_starter_templates_imported_post":true,"_swpsp_post_exclude":false,"_kad_post_transparent":"","_kad_post_title":"hide","_kad_post_layout":"fullwidth","_kad_post_sidebar_id":"","_kad_post_content_style":"unboxed","_kad_post_vertical_padding":"hide","_kad_post_feature":"show","_kad_post_feature_position":"","_kad_post_header":false,"_kad_post_footer":false,"_kad_post_classname":"","footnotes":""},"class_list":["post-59","page","type-page","status-publish","hentry"],"yoast_head":"<!-- This site is optimized with the Yoast SEO plugin v27.5 - https:\/\/yoast.com\/product\/yoast-seo-wordpress\/ -->\n<title>FAQ - Le C\u0153ur<\/title>\n<meta name=\"robots\" content=\"index, follow, max-snippet:-1, max-image-preview:large, max-video-preview:-1\" \/>\n<link rel=\"canonical\" href=\"https:\/\/estourgie.fr\/en\/faq\/\" \/>\n<meta property=\"og:locale\" content=\"en_GB\" \/>\n<meta property=\"og:type\" content=\"article\" \/>\n<meta property=\"og:title\" content=\"FAQ - Le C\u0153ur\" \/>\n<meta property=\"og:description\" content=\"Le C\u0153ur d&rsquo;Estourgie Votre g\u00eete en photos Info importante ! Tarifs G\u00eete Le C\u0153ur d\u2019Estourgie Vous louez toujours le\u00a0g\u00eete enti\u00e8re. Prix standard\u00a0: 360 \u20ac par nuitFrais de m\u00e9nage\u00a0: 100 \u20ac par s\u00e9jour (forfait unique)P\u00e9riode hivernale\u00a0(du 1er octobre au 30 avril) : suppl\u00e9ment de chauffage de 25 \u20ac par nuitHaute saison\u00a0: s\u00e9jour minimum de 5 nuitsEn...\" \/>\n<meta property=\"og:url\" content=\"https:\/\/estourgie.fr\/en\/faq\/\" \/>\n<meta property=\"og:site_name\" content=\"Le C\u0153ur\" \/>\n<meta property=\"article:publisher\" content=\"https:\/\/www.facebook.com\/QuatreSaisonsPionsat\/?locale=nl_NL\" \/>\n<meta property=\"article:modified_time\" content=\"2026-04-26T19:15:22+00:00\" \/>\n<meta name=\"twitter:card\" content=\"summary_large_image\" \/>\n<meta name=\"twitter:label1\" content=\"Estimated reading time\" \/>\n\t<meta name=\"twitter:data1\" content=\"1 minute\" \/>\n<script type=\"application\/ld+json\" class=\"yoast-schema-graph\">{\"@context\":\"https:\\\/\\\/schema.org\",\"@graph\":[{\"@type\":\"WebPage\",\"@id\":\"https:\\\/\\\/estourgie.fr\\\/faq\",\"url\":\"https:\\\/\\\/estourgie.fr\\\/faq\",\"name\":\"FAQ - Le C\u0153ur\",\"isPartOf\":{\"@id\":\"https:\\\/\\\/estourgie.fr\\\/#website\"},\"datePublished\":\"2025-05-10T07:59:30+00:00\",\"dateModified\":\"2026-04-26T19:15:22+00:00\",\"breadcrumb\":{\"@id\":\"https:\\\/\\\/estourgie.fr\\\/faq#breadcrumb\"},\"inLanguage\":\"en-GB\",\"potentialAction\":[{\"@type\":\"ReadAction\",\"target\":[\"https:\\\/\\\/estourgie.fr\\\/faq\"]}]},{\"@type\":\"BreadcrumbList\",\"@id\":\"https:\\\/\\\/estourgie.fr\\\/faq#breadcrumb\",\"itemListElement\":[{\"@type\":\"ListItem\",\"position\":1,\"name\":\"Home\",\"item\":\"https:\\\/\\\/estourgie.fr\\\/\"},{\"@type\":\"ListItem\",\"position\":2,\"name\":\"FAQ\"}]},{\"@type\":\"WebSite\",\"@id\":\"https:\\\/\\\/estourgie.fr\\\/#website\",\"url\":\"https:\\\/\\\/estourgie.fr\\\/\",\"name\":\"Le C\u0153ur d'Estourgie (ook wel: Le Coeur d'Estourgie)\",\"description\":\"Le C\u0153ur d&#039;Estourgie - Espace, calme et confort\",\"publisher\":{\"@id\":\"https:\\\/\\\/estourgie.fr\\\/#organization\"},\"potentialAction\":[{\"@type\":\"SearchAction\",\"target\":{\"@type\":\"EntryPoint\",\"urlTemplate\":\"https:\\\/\\\/estourgie.fr\\\/?s={search_term_string}\"},\"query-input\":{\"@type\":\"PropertyValueSpecification\",\"valueRequired\":true,\"valueName\":\"search_term_string\"}}],\"inLanguage\":\"en-GB\"},{\"@type\":\"Organization\",\"@id\":\"https:\\\/\\\/estourgie.fr\\\/#organization\",\"name\":\"Le C\u0153ur d'Estourgie (ook wel: Le Coeur d'Estourgie)\",\"url\":\"https:\\\/\\\/estourgie.fr\\\/\",\"logo\":{\"@type\":\"ImageObject\",\"inLanguage\":\"en-GB\",\"@id\":\"https:\\\/\\\/estourgie.fr\\\/#\\\/schema\\\/logo\\\/image\\\/\",\"url\":\"https:\\\/\\\/estourgie.fr\\\/wp-content\\\/uploads\\\/2026\\\/03\\\/cropped-cropped-Estourgie-logo.png\",\"contentUrl\":\"https:\\\/\\\/estourgie.fr\\\/wp-content\\\/uploads\\\/2026\\\/03\\\/cropped-cropped-Estourgie-logo.png\",\"width\":412,\"height\":507,\"caption\":\"Le C\u0153ur d'Estourgie (ook wel: Le Coeur d'Estourgie)\"},\"image\":{\"@id\":\"https:\\\/\\\/estourgie.fr\\\/#\\\/schema\\\/logo\\\/image\\\/\"},\"sameAs\":[\"https:\\\/\\\/www.facebook.com\\\/QuatreSaisonsPionsat\\\/?locale=nl_NL\",\"https:\\\/\\\/www.instagram.com\\\/destourgie\\\/\"]}]}<\/script>\n<!-- \/ Yoast SEO plugin. -->","yoast_head_json":{"title":"FAQ - The Heart","robots":{"index":"index","follow":"follow","max-snippet":"max-snippet:-1","max-image-preview":"max-image-preview:large","max-video-preview":"max-video-preview:-1"},"canonical":"https:\/\/estourgie.fr\/en\/faq\/","og_locale":"en_GB","og_type":"article","og_title":"FAQ - Le C\u0153ur","og_description":"Le C\u0153ur d&rsquo;Estourgie Votre g\u00eete en photos Info importante ! Tarifs G\u00eete Le C\u0153ur d\u2019Estourgie Vous louez toujours le\u00a0g\u00eete enti\u00e8re. Prix standard\u00a0: 360 \u20ac par nuitFrais de m\u00e9nage\u00a0: 100 \u20ac par s\u00e9jour (forfait unique)P\u00e9riode hivernale\u00a0(du 1er octobre au 30 avril) : suppl\u00e9ment de chauffage de 25 \u20ac par nuitHaute saison\u00a0: s\u00e9jour minimum de 5 nuitsEn...","og_url":"https:\/\/estourgie.fr\/en\/faq\/","og_site_name":"Le C\u0153ur","article_publisher":"https:\/\/www.facebook.com\/QuatreSaisonsPionsat\/?locale=nl_NL","article_modified_time":"2026-04-26T19:15:22+00:00","twitter_card":"summary_large_image","twitter_misc":{"Estimated reading time":"1 minute"},"schema":{"@context":"https:\/\/schema.org","@graph":[{"@type":"WebPage","@id":"https:\/\/estourgie.fr\/faq","url":"https:\/\/estourgie.fr\/faq","name":"FAQ - The Heart","isPartOf":{"@id":"https:\/\/estourgie.fr\/#website"},"datePublished":"2025-05-10T07:59:30+00:00","dateModified":"2026-04-26T19:15:22+00:00","breadcrumb":{"@id":"https:\/\/estourgie.fr\/faq#breadcrumb"},"inLanguage":"en-GB","potentialAction":[{"@type":"ReadAction","target":["https:\/\/estourgie.fr\/faq"]}]},{"@type":"BreadcrumbList","@id":"https:\/\/estourgie.fr\/faq#breadcrumb","itemListElement":[{"@type":"ListItem","position":1,"name":"Home","item":"https:\/\/estourgie.fr\/"},{"@type":"ListItem","position":2,"name":"FAQ"}]},{"@type":"WebSite","@id":"https:\/\/estourgie.fr\/#website","url":"https:\/\/estourgie.fr\/","name":"Le Coeur d'Estourgie (ook wel: The Heart of Estourgie)","description":"Le C\u0153ur d'Estourgie - Space, peace and comfort","publisher":{"@id":"https:\/\/estourgie.fr\/#organization"},"potentialAction":[{"@type":"SearchAction","target":{"@type":"EntryPoint","urlTemplate":"https:\/\/estourgie.fr\/?s={search_term_string}"},"query-input":{"@type":"PropertyValueSpecification","valueRequired":true,"valueName":"search_term_string"}}],"inLanguage":"en-GB"},{"@type":"Organization","@id":"https:\/\/estourgie.fr\/#organization","name":"Le Coeur d'Estourgie (ook wel: The Heart of Estourgie)","url":"https:\/\/estourgie.fr\/","logo":{"@type":"ImageObject","inLanguage":"en-GB","@id":"https:\/\/estourgie.fr\/#\/schema\/logo\/image\/","url":"https:\/\/estourgie.fr\/wp-content\/uploads\/2026\/03\/cropped-cropped-Estourgie-logo.png","contentUrl":"https:\/\/estourgie.fr\/wp-content\/uploads\/2026\/03\/cropped-cropped-Estourgie-logo.png","width":412,"height":507,"caption":"Le C\u0153ur d'Estourgie (ook wel: Le Coeur d'Estourgie)"},"image":{"@id":"https:\/\/estourgie.fr\/#\/schema\/logo\/image\/"},"sameAs":["https:\/\/www.facebook.com\/QuatreSaisonsPionsat\/?locale=nl_NL","https:\/\/www.instagram.com\/destourgie\/"]}]}},"_links":{"self":[{"href":"http:\/\/estourgie.fr\/en\/wp-json\/wp\/v2\/pages\/59","targetHints":{"allow":["GET"]}}],"collection":[{"href":"http:\/\/estourgie.fr\/en\/wp-json\/wp\/v2\/pages"}],"about":[{"href":"http:\/\/estourgie.fr\/en\/wp-json\/wp\/v2\/types\/page"}],"author":[{"embeddable":true,"href":"http:\/\/estourgie.fr\/en\/wp-json\/wp\/v2\/users\/1"}],"replies":[{"embeddable":true,"href":"http:\/\/estourgie.fr\/en\/wp-json\/wp\/v2\/comments?post=59"}],"version-history":[{"count":36,"href":"http:\/\/estourgie.fr\/en\/wp-json\/wp\/v2\/pages\/59\/revisions"}],"predecessor-version":[{"id":522,"href":"http:\/\/estourgie.fr\/en\/wp-json\/wp\/v2\/pages\/59\/revisions\/522"}],"wp:attachment":[{"href":"http:\/\/estourgie.fr\/en\/wp-json\/wp\/v2\/media?parent=59"}],"curies":[{"name":"wp","href":"https:\/\/api.w.org\/{rel}","templated":true}]}}